{"id":881,"date":"2025-09-08T11:24:26","date_gmt":"2025-09-08T11:24:26","guid":{"rendered":"https:\/\/hortizon.pl\/?page_id=881"},"modified":"2026-02-09T15:30:19","modified_gmt":"2026-02-09T15:30:19","slug":"mediabusiness","status":"publish","type":"page","link":"https:\/\/hortizon.pl\/?page_id=881","title":{"rendered":"MediaBusiness"},"content":{"rendered":"\t\t<div data-elementor-type=\"wp-page\" data-elementor-id=\"881\" class=\"elementor elementor-881\" data-elementor-post-type=\"page\">\n\t\t\t\t<div class=\"elementor-element elementor-element-68babdba e-flex e-con-boxed e-con e-parent\" data-id=\"68babdba\" data-element_type=\"container\" data-settings=\"{&quot;background_background&quot;:&quot;classic&quot;}\">\n\t\t\t\t\t<div class=\"e-con-inner\">\n\t\t<div class=\"elementor-element elementor-element-db13b09 e-con-full e-flex e-con e-child\" data-id=\"db13b09\" data-element_type=\"container\">\n\t\t\t\t<div class=\"elementor-element elementor-element-693633ee elementor-widget elementor-widget-heading\" data-id=\"693633ee\" data-element_type=\"widget\" data-widget_type=\"heading.default\">\n\t\t\t\t\t<h1 class=\"elementor-heading-title elementor-size-default\">Hortizon w mediach<\/h1>\t\t\t\t<\/div>\n\t\t\t\t<div class=\"elementor-element elementor-element-6fe386a3 elementor-widget__width-initial elementor-widget elementor-widget-heading\" data-id=\"6fe386a3\" data-element_type=\"widget\" data-widget_type=\"heading.default\">\n\t\t\t\t\t<p class=\"elementor-heading-title elementor-size-default\">Nasze projekty przyci\u0105gaj\u0105 uwag\u0119 i inspiruj\u0105. Zobacz, co o nas m\u00f3wi\u0105 media i gdzie mo\u017cesz nas znale\u017a\u0107.<\/p>\t\t\t\t<\/div>\n\t\t<div class=\"elementor-element elementor-element-4d47d8a2 e-con-full e-flex e-con e-child\" data-id=\"4d47d8a2\" data-element_type=\"container\">\n\t\t\t\t<div class=\"elementor-element elementor-element-27621b08 elementor-widget elementor-widget-heading\" data-id=\"27621b08\" data-element_type=\"widget\" data-widget_type=\"heading.default\">\n\t\t\t\t\t<h5 class=\"elementor-heading-title elementor-size-default\"><a href=\"\">zobacz nasze realizacje<\/a><\/h5>\t\t\t\t<\/div>\n\t\t\t\t<div class=\"elementor-element elementor-element-59e5efaf elementor-view-default elementor-widget elementor-widget-icon\" data-id=\"59e5efaf\" data-element_type=\"widget\" data-widget_type=\"icon.default\">\n\t\t\t\t\t\t\t<div class=\"elementor-icon-wrapper\">\n\t\t\t<a class=\"elementor-icon\" href=\"\">\n\t\t\t<svg xmlns=\"http:\/\/www.w3.org\/2000\/svg\" width=\"22\" height=\"24\" viewBox=\"0 0 22 24\" fill=\"none\"><g clip-path=\"url(#clip0_37_1203)\"><path d=\"M-0.00019455 20.8281L11.625 8.697H7.83521L5.61891 6.43357L5.47017 6.14283H16.583V17.3685L16.3807 17.312L14.1325 14.9629V10.0038L1.10995 23.5H-0.00019455V20.8281Z\" fill=\"white\"><\/path><path d=\"M15.2154 0.499689H21.9971V7.50879L21.7708 7.4743L19.4896 5.10326V2.9944H17.4665C17.0567 2.55087 16.6196 2.1335 16.2121 1.68878C15.954 1.40697 15.5072 0.959868 15.3003 0.678648C15.2564 0.618599 15.1903 0.603734 15.2154 0.499689Z\" fill=\"white\"><\/path><path d=\"M19.4896 13.6571V7.36085L19.6611 7.3002L21.9971 9.7961V16.1221L21.7378 16.0656L19.4896 13.6571Z\" fill=\"white\"><\/path><path d=\"M6.78128 0.499765H13.0786L15.2646 2.7965L15.2173 2.96654L9.19989 2.99805L8.94344 2.90887L6.83542 0.710829L6.78128 0.499765Z\" fill=\"white\"><\/path><path d=\"M19.4896 20.5463V15.9731L19.6612 15.9124L21.943 18.2864L22 22.7467C21.935 23.3383 21.2751 22.3406 21.1446 22.2075C20.5986 21.6498 20.0253 21.1171 19.4896 20.5463Z\" fill=\"white\"><\/path><path d=\"M0.284321 0.499802H4.58698L6.72692 2.72459C6.85229 2.90831 6.76624 2.97608 6.58444 2.99749C5.38084 3.1378 3.93332 2.88393 2.70293 2.99749L2.44648 2.90831L0.338459 0.710271L0.284321 0.499208V0.499802Z\" fill=\"white\"><\/path><\/g><defs><clipPath id=\"clip0_37_1203\"><rect width=\"22\" height=\"23\" fill=\"white\" transform=\"matrix(-1 0 0 -1 22 23.5)\"><\/rect><\/clipPath><\/defs><\/svg>\t\t\t<\/a>\n\t\t<\/div>\n\t\t\t\t\t\t<\/div>\n\t\t\t\t<\/div>\n\t\t\t\t<\/div>\n\t\t\t\t\t<\/div>\n\t\t\t\t<\/div>\n\t\t<div class=\"elementor-element elementor-element-1cb3969c e-flex e-con-boxed e-con e-parent\" data-id=\"1cb3969c\" data-element_type=\"container\" data-settings=\"{&quot;background_background&quot;:&quot;classic&quot;}\">\n\t\t\t\t\t<div class=\"e-con-inner\">\n\t\t<div class=\"elementor-element elementor-element-37b2d4bf e-con-full e-flex e-con e-child\" data-id=\"37b2d4bf\" data-element_type=\"container\" data-settings=\"{&quot;background_background&quot;:&quot;classic&quot;}\">\n\t\t<div class=\"elementor-element elementor-element-6482b92e e-con-full e-flex e-con e-child\" data-id=\"6482b92e\" data-element_type=\"container\">\n\t\t\t\t<div class=\"elementor-element elementor-element-3920c8e9 elementor-widget elementor-widget-heading\" data-id=\"3920c8e9\" data-element_type=\"widget\" data-widget_type=\"heading.default\">\n\t\t\t\t\t<h2 class=\"elementor-heading-title elementor-size-default\">harmonia natury\u2028i nowocze\u015bno\u015bci<\/h2>\t\t\t\t<\/div>\n\t\t\t\t<\/div>\n\t\t\t\t<\/div>\n\t\t<div class=\"elementor-element elementor-element-3a53dd80 e-con-full e-flex e-con e-child\" data-id=\"3a53dd80\" data-element_type=\"container\">\n\t\t<div class=\"elementor-element elementor-element-e37d44f e-con-full e-flex e-con e-child\" data-id=\"e37d44f\" data-element_type=\"container\">\n\t\t\t\t<div class=\"elementor-element elementor-element-f5d4146 elementor-widget elementor-widget-text-editor\" data-id=\"f5d4146\" data-element_type=\"widget\" data-widget_type=\"text-editor.default\">\n\t\t\t\t\t\t\t\t\t<p>W Hortizon wierzymy, \u017ce ogr\u00f3d to co\u015b wi\u0119cej ni\u017c przestrze\u0144 \u2013 to do\u015bwiadczenie. Tworzymy autorskie projekty krajobrazowe, kt\u00f3re \u0142\u0105cz\u0105 elegancj\u0119, funkcjonalno\u015b\u0107 i niepowtarzalny charakter. Nasze ogrody opowiadaj\u0105 historie \u2013 Twoj\u0105 histori\u0119.<\/p>\t\t\t\t\t\t\t\t<\/div>\n\t\t\t\t<\/div>\n\t\t\t\t<\/div>\n\t\t\t\t\t<\/div>\n\t\t\t\t<\/div>\n\t\t<div class=\"elementor-element elementor-element-373afa61 e-flex e-con-boxed e-con e-parent\" data-id=\"373afa61\" data-element_type=\"container\" data-settings=\"{&quot;background_background&quot;:&quot;classic&quot;}\">\n\t\t\t\t\t<div class=\"e-con-inner\">\n\t\t<div class=\"elementor-element elementor-element-29d0fe18 e-con-full e-flex e-con e-child\" data-id=\"29d0fe18\" data-element_type=\"container\">\n\t\t\t\t<div class=\"elementor-element elementor-element-d1293de elementor-grid-1 elementor-grid-tablet-1 elementor-grid-mobile-1 elementor-widget elementor-widget-loop-grid\" data-id=\"d1293de\" data-element_type=\"widget\" data-settings=\"{&quot;template_id&quot;:612,&quot;columns&quot;:1,&quot;pagination_type&quot;:&quot;numbers_and_prev_next&quot;,&quot;pagination_load_type&quot;:&quot;ajax&quot;,&quot;columns_tablet&quot;:1,&quot;_skin&quot;:&quot;post&quot;,&quot;columns_mobile&quot;:&quot;1&quot;,&quot;edit_handle_selector&quot;:&quot;[data-elementor-type=\\&quot;loop-item\\&quot;]&quot;,&quot;row_gap&quot;:{&quot;unit&quot;:&quot;px&quot;,&quot;size&quot;:&quot;&quot;,&quot;sizes&quot;:[]},&quot;row_gap_tablet&quot;:{&quot;unit&quot;:&quot;px&quot;,&quot;size&quot;:&quot;&quot;,&quot;sizes&quot;:[]},&quot;row_gap_mobile&quot;:{&quot;unit&quot;:&quot;px&quot;,&quot;size&quot;:&quot;&quot;,&quot;sizes&quot;:[]}}\" data-widget_type=\"loop-grid.post\">\n\t\t\t\t<div class=\"elementor-widget-container\">\n\t\t\t\t\t\t\t<div class=\"elementor-loop-container elementor-grid\" role=\"list\">\n\t\t<style id=\"loop-dynamic-612\">.e-loop-item-587 .elementor-element.elementor-element-0fe45fc:not(.elementor-motion-effects-element-type-background), .e-loop-item-587 .elementor-element.elementor-element-0fe45fc > .elementor-motion-effects-container > .elementor-motion-effects-layer{background-image:url(\"https:\/\/hortizon.pl\/wp-content\/uploads\/2025\/09\/0ebf37dcb7fccb8845ba612ae60364a0b735cf49-2.jpg\");}<\/style><style id=\"loop-612\">.elementor-612 .elementor-element.elementor-element-0977116{--display:flex;--min-height:310px;--flex-direction:row;--container-widget-width:initial;--container-widget-height:100%;--container-widget-flex-grow:1;--container-widget-align-self:stretch;--flex-wrap-mobile:wrap;}.elementor-612 .elementor-element.elementor-element-0977116:not(.elementor-motion-effects-element-type-background), .elementor-612 .elementor-element.elementor-element-0977116 > .elementor-motion-effects-container > .elementor-motion-effects-layer{background-color:var( --e-global-color-2b95b1a );}.elementor-612 .elementor-element.elementor-element-0fe45fc{--display:flex;}.elementor-612 .elementor-element.elementor-element-0fe45fc:not(.elementor-motion-effects-element-type-background), .elementor-612 .elementor-element.elementor-element-0fe45fc > .elementor-motion-effects-container > .elementor-motion-effects-layer{background-position:center center;background-repeat:no-repeat;background-size:cover;}.elementor-612 .elementor-element.elementor-element-68e9200{--display:flex;--flex-direction:column;--container-widget-width:100%;--container-widget-height:initial;--container-widget-flex-grow:0;--container-widget-align-self:initial;--flex-wrap-mobile:wrap;--justify-content:center;--gap:20px 20px;--row-gap:20px;--column-gap:20px;--padding-top:3%;--padding-bottom:3%;--padding-left:3%;--padding-right:3%;}.elementor-widget-heading .elementor-heading-title{font-family:var( --e-global-typography-primary-font-family ), Sans-serif;font-weight:var( --e-global-typography-primary-font-weight );color:var( --e-global-color-primary );}.elementor-612 .elementor-element.elementor-element-9aa49fa .elementor-heading-title{font-family:\"Questrial\", Sans-serif;font-size:2.5rem;font-weight:400;color:var( --e-global-color-4eb3191 );}.elementor-widget-text-editor{font-family:var( --e-global-typography-text-font-family ), Sans-serif;font-weight:var( --e-global-typography-text-font-weight );color:var( --e-global-color-text );}.elementor-widget-text-editor.elementor-drop-cap-view-stacked .elementor-drop-cap{background-color:var( --e-global-color-primary );}.elementor-widget-text-editor.elementor-drop-cap-view-framed .elementor-drop-cap, .elementor-widget-text-editor.elementor-drop-cap-view-default .elementor-drop-cap{color:var( --e-global-color-primary );border-color:var( --e-global-color-primary );}.elementor-612 .elementor-element.elementor-element-559a566{font-family:var( --e-global-typography-ac0893d-font-family ), Sans-serif;font-size:var( --e-global-typography-ac0893d-font-size );font-weight:var( --e-global-typography-ac0893d-font-weight );color:var( --e-global-color-4eb3191 );}.elementor-612 .elementor-element.elementor-element-edbae50{--display:flex;--flex-direction:row;--container-widget-width:calc( ( 1 - var( --container-widget-flex-grow ) ) * 100% );--container-widget-height:100%;--container-widget-flex-grow:1;--container-widget-align-self:stretch;--flex-wrap-mobile:wrap;--align-items:center;}.elementor-612 .elementor-element.elementor-element-fb94a04 .elementor-heading-title{font-family:\"Nunito Sans\", Sans-serif;font-size:1.25rem;font-weight:700;color:var( --e-global-color-4eb3191 );}.elementor-widget-icon.elementor-view-stacked .elementor-icon{background-color:var( --e-global-color-primary );}.elementor-widget-icon.elementor-view-framed .elementor-icon, .elementor-widget-icon.elementor-view-default .elementor-icon{color:var( --e-global-color-primary );border-color:var( --e-global-color-primary );}.elementor-widget-icon.elementor-view-framed .elementor-icon, .elementor-widget-icon.elementor-view-default .elementor-icon svg{fill:var( --e-global-color-primary );}.elementor-612 .elementor-element.elementor-element-428012a{padding:5px 0px 0px 5px;}.elementor-612 .elementor-element.elementor-element-428012a .elementor-icon-wrapper{text-align:center;}.elementor-612 .elementor-element.elementor-element-428012a .elementor-icon{font-size:1.25rem;}.elementor-612 .elementor-element.elementor-element-428012a .elementor-icon svg{height:1.25rem;}@media(max-width:1024px){.elementor-612 .elementor-element.elementor-element-559a566{font-size:var( --e-global-typography-ac0893d-font-size );}}@media(min-width:768px){.elementor-612 .elementor-element.elementor-element-0fe45fc{--width:30%;}.elementor-612 .elementor-element.elementor-element-68e9200{--width:70%;}}@media(max-width:1024px) and (min-width:768px){.elementor-612 .elementor-element.elementor-element-0fe45fc{--width:40%;}.elementor-612 .elementor-element.elementor-element-68e9200{--width:60%;}}@media(max-width:767px){.elementor-612 .elementor-element.elementor-element-0fe45fc{--min-height:310px;}.elementor-612 .elementor-element.elementor-element-68e9200{--padding-top:5%;--padding-bottom:5%;--padding-left:5%;--padding-right:5%;}.elementor-612 .elementor-element.elementor-element-559a566{font-size:var( --e-global-typography-ac0893d-font-size );}}<\/style>\t\t<div data-elementor-type=\"loop-item\" data-elementor-id=\"612\" class=\"elementor elementor-612 e-loop-item e-loop-item-587 post-587 media type-media status-publish hentry\" data-elementor-post-type=\"elementor_library\" data-custom-edit-handle=\"1\">\n\t\t\t<div class=\"elementor-element elementor-element-0977116 e-con-full e-flex e-con e-parent\" data-id=\"0977116\" data-element_type=\"container\" data-settings=\"{&quot;background_background&quot;:&quot;classic&quot;}\">\n\t\t<div class=\"elementor-element elementor-element-0fe45fc e-con-full e-flex e-con e-child\" data-id=\"0fe45fc\" data-element_type=\"container\" data-settings=\"{&quot;background_background&quot;:&quot;classic&quot;}\">\n\t\t\t\t<\/div>\n\t\t<div class=\"elementor-element elementor-element-68e9200 e-con-full e-flex e-con e-child\" data-id=\"68e9200\" data-element_type=\"container\">\n\t\t\t\t<div class=\"elementor-element elementor-element-9aa49fa elementor-widget elementor-widget-heading\" data-id=\"9aa49fa\" data-element_type=\"widget\" data-widget_type=\"heading.default\">\n\t\t\t\t\t<h2 class=\"elementor-heading-title elementor-size-default\">Link bez Copy<\/h2>\t\t\t\t<\/div>\n\t\t<div class=\"elementor-element elementor-element-edbae50 e-con-full e-flex e-con e-child\" data-id=\"edbae50\" data-element_type=\"container\">\n\t\t\t\t<div class=\"elementor-element elementor-element-fb94a04 elementor-widget elementor-widget-heading\" data-id=\"fb94a04\" data-element_type=\"widget\" data-widget_type=\"heading.default\">\n\t\t\t\t\t<h2 class=\"elementor-heading-title elementor-size-default\"><a href=\"\" target=\"_blank\">zobacz wi\u0119cej<\/a><\/h2>\t\t\t\t<\/div>\n\t\t\t\t<div class=\"elementor-element elementor-element-428012a elementor-view-default elementor-widget elementor-widget-icon\" data-id=\"428012a\" data-element_type=\"widget\" data-widget_type=\"icon.default\">\n\t\t\t\t\t\t\t<div class=\"elementor-icon-wrapper\">\n\t\t\t<a class=\"elementor-icon\" href=\"\" target=\"_blank\">\n\t\t\t<svg xmlns=\"http:\/\/www.w3.org\/2000\/svg\" width=\"22\" height=\"24\" viewBox=\"0 0 22 24\" fill=\"none\"><g clip-path=\"url(#clip0_37_1203)\"><path d=\"M-0.00019455 20.8281L11.625 8.697H7.83521L5.61891 6.43357L5.47017 6.14283H16.583V17.3685L16.3807 17.312L14.1325 14.9629V10.0038L1.10995 23.5H-0.00019455V20.8281Z\" fill=\"white\"><\/path><path d=\"M15.2154 0.499689H21.9971V7.50879L21.7708 7.4743L19.4896 5.10326V2.9944H17.4665C17.0567 2.55087 16.6196 2.1335 16.2121 1.68878C15.954 1.40697 15.5072 0.959868 15.3003 0.678648C15.2564 0.618599 15.1903 0.603734 15.2154 0.499689Z\" fill=\"white\"><\/path><path d=\"M19.4896 13.6571V7.36085L19.6611 7.3002L21.9971 9.7961V16.1221L21.7378 16.0656L19.4896 13.6571Z\" fill=\"white\"><\/path><path d=\"M6.78128 0.499765H13.0786L15.2646 2.7965L15.2173 2.96654L9.19989 2.99805L8.94344 2.90887L6.83542 0.710829L6.78128 0.499765Z\" fill=\"white\"><\/path><path d=\"M19.4896 20.5463V15.9731L19.6612 15.9124L21.943 18.2864L22 22.7467C21.935 23.3383 21.2751 22.3406 21.1446 22.2075C20.5986 21.6498 20.0253 21.1171 19.4896 20.5463Z\" fill=\"white\"><\/path><path d=\"M0.284321 0.499802H4.58698L6.72692 2.72459C6.85229 2.90831 6.76624 2.97608 6.58444 2.99749C5.38084 3.1378 3.93332 2.88393 2.70293 2.99749L2.44648 2.90831L0.338459 0.710271L0.284321 0.499208V0.499802Z\" fill=\"white\"><\/path><\/g><defs><clipPath id=\"clip0_37_1203\"><rect width=\"22\" height=\"23\" fill=\"white\" transform=\"matrix(-1 0 0 -1 22 23.5)\"><\/rect><\/clipPath><\/defs><\/svg>\t\t\t<\/a>\n\t\t<\/div>\n\t\t\t\t\t\t<\/div>\n\t\t\t\t<\/div>\n\t\t\t\t<\/div>\n\t\t\t\t<\/div>\n\t\t\t\t<\/div>\n\t\t<style id=\"loop-dynamic-612\">.e-loop-item-586 .elementor-element.elementor-element-0fe45fc:not(.elementor-motion-effects-element-type-background), .e-loop-item-586 .elementor-element.elementor-element-0fe45fc > .elementor-motion-effects-container > .elementor-motion-effects-layer{background-image:url(\"https:\/\/hortizon.pl\/wp-content\/uploads\/2025\/09\/foto2.jpg\");}<\/style>\t\t<div data-elementor-type=\"loop-item\" data-elementor-id=\"612\" class=\"elementor elementor-612 e-loop-item e-loop-item-586 post-586 media type-media status-publish hentry\" data-elementor-post-type=\"elementor_library\" data-custom-edit-handle=\"1\">\n\t\t\t<div class=\"elementor-element elementor-element-0977116 e-con-full e-flex e-con e-parent\" data-id=\"0977116\" data-element_type=\"container\" data-settings=\"{&quot;background_background&quot;:&quot;classic&quot;}\">\n\t\t<div class=\"elementor-element elementor-element-0fe45fc e-con-full e-flex e-con e-child\" data-id=\"0fe45fc\" data-element_type=\"container\" data-settings=\"{&quot;background_background&quot;:&quot;classic&quot;}\">\n\t\t\t\t<\/div>\n\t\t<div class=\"elementor-element elementor-element-68e9200 e-con-full e-flex e-con e-child\" data-id=\"68e9200\" data-element_type=\"container\">\n\t\t\t\t<div class=\"elementor-element elementor-element-9aa49fa elementor-widget elementor-widget-heading\" data-id=\"9aa49fa\" data-element_type=\"widget\" data-widget_type=\"heading.default\">\n\t\t\t\t\t<h2 class=\"elementor-heading-title elementor-size-default\">Zobaczcie nas na Polsacie!<\/h2>\t\t\t\t<\/div>\n\t\t\t\t<div class=\"elementor-element elementor-element-559a566 elementor-widget elementor-widget-text-editor\" data-id=\"559a566\" data-element_type=\"widget\" data-widget_type=\"text-editor.default\">\n\t\t\t\t\t\t\t\t\tMamy przyjemno\u015b\u0107 zaprezentowa\u0107 nasz udzia\u0142 w programie &#8220;Nasz Nowy Dom&#8221;, gdzie jako pionierzy, wzi\u0119li\u015bmy na siebie odpowiedzialno\u015b\u0107 za kompleksowe zaprojektowanie i wykonanie ogrodu. Nasza rola skupi\u0142a si\u0119 na stworzeniu sp\u00f3jnej i funkcjonalnej przestrzeni zewn\u0119trznej, kt\u00f3ra idealnie dope\u0142ni\u0142a metamorfoz\u0119 domu. Udzia\u0142 w programie \u015bwiadczy o naszej zdolno\u015bci do szybkiego tworzenia przemy\u015blanych projekt\u00f3w, kt\u00f3re odpowiadaj\u0105 na realne potrzeby mieszka\u0144c\u00f3w. Zapraszamy do obejrzenia, jak profesjonalny projekt mo\u017ce odmieni\u0107 otoczenie i zach\u0119camy do powierzenia nam Twojej wizji.\t\t\t\t\t\t\t\t<\/div>\n\t\t<div class=\"elementor-element elementor-element-edbae50 e-con-full e-flex e-con e-child\" data-id=\"edbae50\" data-element_type=\"container\">\n\t\t\t\t<div class=\"elementor-element elementor-element-fb94a04 elementor-widget elementor-widget-heading\" data-id=\"fb94a04\" data-element_type=\"widget\" data-widget_type=\"heading.default\">\n\t\t\t\t\t<h2 class=\"elementor-heading-title elementor-size-default\"><a href=\"\" target=\"_blank\">zobacz wi\u0119cej<\/a><\/h2>\t\t\t\t<\/div>\n\t\t\t\t<div class=\"elementor-element elementor-element-428012a elementor-view-default elementor-widget elementor-widget-icon\" data-id=\"428012a\" data-element_type=\"widget\" data-widget_type=\"icon.default\">\n\t\t\t\t\t\t\t<div class=\"elementor-icon-wrapper\">\n\t\t\t<a class=\"elementor-icon\" href=\"\" target=\"_blank\">\n\t\t\t<svg xmlns=\"http:\/\/www.w3.org\/2000\/svg\" width=\"22\" height=\"24\" viewBox=\"0 0 22 24\" fill=\"none\"><g clip-path=\"url(#clip0_37_1203)\"><path d=\"M-0.00019455 20.8281L11.625 8.697H7.83521L5.61891 6.43357L5.47017 6.14283H16.583V17.3685L16.3807 17.312L14.1325 14.9629V10.0038L1.10995 23.5H-0.00019455V20.8281Z\" fill=\"white\"><\/path><path d=\"M15.2154 0.499689H21.9971V7.50879L21.7708 7.4743L19.4896 5.10326V2.9944H17.4665C17.0567 2.55087 16.6196 2.1335 16.2121 1.68878C15.954 1.40697 15.5072 0.959868 15.3003 0.678648C15.2564 0.618599 15.1903 0.603734 15.2154 0.499689Z\" fill=\"white\"><\/path><path d=\"M19.4896 13.6571V7.36085L19.6611 7.3002L21.9971 9.7961V16.1221L21.7378 16.0656L19.4896 13.6571Z\" fill=\"white\"><\/path><path d=\"M6.78128 0.499765H13.0786L15.2646 2.7965L15.2173 2.96654L9.19989 2.99805L8.94344 2.90887L6.83542 0.710829L6.78128 0.499765Z\" fill=\"white\"><\/path><path d=\"M19.4896 20.5463V15.9731L19.6612 15.9124L21.943 18.2864L22 22.7467C21.935 23.3383 21.2751 22.3406 21.1446 22.2075C20.5986 21.6498 20.0253 21.1171 19.4896 20.5463Z\" fill=\"white\"><\/path><path d=\"M0.284321 0.499802H4.58698L6.72692 2.72459C6.85229 2.90831 6.76624 2.97608 6.58444 2.99749C5.38084 3.1378 3.93332 2.88393 2.70293 2.99749L2.44648 2.90831L0.338459 0.710271L0.284321 0.499208V0.499802Z\" fill=\"white\"><\/path><\/g><defs><clipPath id=\"clip0_37_1203\"><rect width=\"22\" height=\"23\" fill=\"white\" transform=\"matrix(-1 0 0 -1 22 23.5)\"><\/rect><\/clipPath><\/defs><\/svg>\t\t\t<\/a>\n\t\t<\/div>\n\t\t\t\t\t\t<\/div>\n\t\t\t\t<\/div>\n\t\t\t\t<\/div>\n\t\t\t\t<\/div>\n\t\t\t\t<\/div>\n\t\t\t\t<\/div>\n\t\t\n\t\t\t\t\t\t<\/div>\n\t\t\t\t<\/div>\n\t\t\t\t<\/div>\n\t\t\t\t\t<\/div>\n\t\t\t\t<\/div>\n\t\t\t\t<\/div>\n\t\t","protected":false},"excerpt":{"rendered":"<p>Hortizon w mediach Nasze projekty przyci\u0105gaj\u0105 uwag\u0119 i inspiruj\u0105. Zobacz, co o nas m\u00f3wi\u0105 media i gdzie mo\u017cesz nas znale\u017a\u0107. zobacz nasze realizacje harmonia natury\u2028i nowocze\u015bno\u015bci W Hortizon wierzymy, \u017ce ogr\u00f3d to co\u015b wi\u0119cej ni\u017c przestrze\u0144 \u2013 to do\u015bwiadczenie. Tworzymy autorskie projekty krajobrazowe, kt\u00f3re \u0142\u0105cz\u0105 elegancj\u0119, funkcjonalno\u015b\u0107 i niepowtarzalny charakter. Nasze ogrody opowiadaj\u0105 historie \u2013 [&hellip;]<\/p>\n","protected":false},"author":1,"featured_media":0,"parent":0,"menu_order":0,"comment_status":"closed","ping_status":"closed","template":"","meta":{"_acf_changed":false,"footnotes":""},"class_list":["post-881","page","type-page","status-publish","hentry"],"acf":[],"_links":{"self":[{"href":"https:\/\/hortizon.pl\/index.php?rest_route=\/wp\/v2\/pages\/881","targetHints":{"allow":["GET"]}}],"collection":[{"href":"https:\/\/hortizon.pl\/index.php?rest_route=\/wp\/v2\/pages"}],"about":[{"href":"https:\/\/hortizon.pl\/index.php?rest_route=\/wp\/v2\/types\/page"}],"author":[{"embeddable":true,"href":"https:\/\/hortizon.pl\/index.php?rest_route=\/wp\/v2\/users\/1"}],"replies":[{"embeddable":true,"href":"https:\/\/hortizon.pl\/index.php?rest_route=%2Fwp%2Fv2%2Fcomments&post=881"}],"version-history":[{"count":31,"href":"https:\/\/hortizon.pl\/index.php?rest_route=\/wp\/v2\/pages\/881\/revisions"}],"predecessor-version":[{"id":2271,"href":"https:\/\/hortizon.pl\/index.php?rest_route=\/wp\/v2\/pages\/881\/revisions\/2271"}],"wp:attachment":[{"href":"https:\/\/hortizon.pl\/index.php?rest_route=%2Fwp%2Fv2%2Fmedia&parent=881"}],"curies":[{"name":"wp","href":"https:\/\/api.w.org\/{rel}","templated":true}]}}