{"id":269,"date":"2025-09-03T12:41:24","date_gmt":"2025-09-03T12:41:24","guid":{"rendered":"https:\/\/hortizon.pl\/?page_id=269"},"modified":"2026-02-10T17:44:00","modified_gmt":"2026-02-10T17:44:00","slug":"kontakt","status":"publish","type":"page","link":"https:\/\/hortizon.pl\/?page_id=269","title":{"rendered":"Kontakt"},"content":{"rendered":"\t\t<div data-elementor-type=\"wp-page\" data-elementor-id=\"269\" class=\"elementor elementor-269\" data-elementor-post-type=\"page\">\n\t\t\t\t<div class=\"elementor-element elementor-element-94d62f8 e-flex e-con-boxed e-con e-parent\" data-id=\"94d62f8\" data-element_type=\"container\" data-settings=\"{&quot;background_background&quot;:&quot;classic&quot;}\">\n\t\t\t\t\t<div class=\"e-con-inner\">\n\t\t<div class=\"elementor-element elementor-element-138582d e-con-full e-flex e-con e-child\" data-id=\"138582d\" data-element_type=\"container\">\n\t\t\t\t<div class=\"elementor-element elementor-element-cc1c1c9 elementor-widget elementor-widget-heading\" data-id=\"cc1c1c9\" data-element_type=\"widget\" data-widget_type=\"heading.default\">\n\t\t\t\t\t<h1 class=\"elementor-heading-title elementor-size-default\">skontaktuj si\u0119 z nami<\/h1>\t\t\t\t<\/div>\n\t\t\t\t<div class=\"elementor-element elementor-element-ddbb840 elementor-widget__width-initial elementor-widget elementor-widget-heading\" data-id=\"ddbb840\" data-element_type=\"widget\" data-widget_type=\"heading.default\">\n\t\t\t\t\t<p class=\"elementor-heading-title elementor-size-default\">Oferujemy pe\u0142ne spektrum us\u0142ug: projekty zieleni, zagospodarowania terenu (PZT), konsultacje, inwentaryzacje i nadz\u00f3r. Z nami ka\u017cdy detal jest dopracowany.<\/p>\t\t\t\t<\/div>\n\t\t<div class=\"elementor-element elementor-element-4d717ab e-con-full e-flex e-con e-child\" data-id=\"4d717ab\" data-element_type=\"container\">\n\t\t\t\t<div class=\"elementor-element elementor-element-9b11f41 elementor-widget elementor-widget-heading\" data-id=\"9b11f41\" data-element_type=\"widget\" data-widget_type=\"heading.default\">\n\t\t\t\t\t<h5 class=\"elementor-heading-title elementor-size-default\"><a href=\"\">zobacz nasze realizacje<\/a><\/h5>\t\t\t\t<\/div>\n\t\t\t\t<div class=\"elementor-element elementor-element-57371d0 elementor-view-default elementor-widget elementor-widget-icon\" data-id=\"57371d0\" data-element_type=\"widget\" data-widget_type=\"icon.default\">\n\t\t\t\t\t\t\t<div class=\"elementor-icon-wrapper\">\n\t\t\t<a class=\"elementor-icon\" href=\"\">\n\t\t\t<svg xmlns=\"http:\/\/www.w3.org\/2000\/svg\" width=\"22\" height=\"24\" viewBox=\"0 0 22 24\" fill=\"none\"><g clip-path=\"url(#clip0_37_1203)\"><path d=\"M-0.00019455 20.8281L11.625 8.697H7.83521L5.61891 6.43357L5.47017 6.14283H16.583V17.3685L16.3807 17.312L14.1325 14.9629V10.0038L1.10995 23.5H-0.00019455V20.8281Z\" fill=\"white\"><\/path><path d=\"M15.2154 0.499689H21.9971V7.50879L21.7708 7.4743L19.4896 5.10326V2.9944H17.4665C17.0567 2.55087 16.6196 2.1335 16.2121 1.68878C15.954 1.40697 15.5072 0.959868 15.3003 0.678648C15.2564 0.618599 15.1903 0.603734 15.2154 0.499689Z\" fill=\"white\"><\/path><path d=\"M19.4896 13.6571V7.36085L19.6611 7.3002L21.9971 9.7961V16.1221L21.7378 16.0656L19.4896 13.6571Z\" fill=\"white\"><\/path><path d=\"M6.78128 0.499765H13.0786L15.2646 2.7965L15.2173 2.96654L9.19989 2.99805L8.94344 2.90887L6.83542 0.710829L6.78128 0.499765Z\" fill=\"white\"><\/path><path d=\"M19.4896 20.5463V15.9731L19.6612 15.9124L21.943 18.2864L22 22.7467C21.935 23.3383 21.2751 22.3406 21.1446 22.2075C20.5986 21.6498 20.0253 21.1171 19.4896 20.5463Z\" fill=\"white\"><\/path><path d=\"M0.284321 0.499802H4.58698L6.72692 2.72459C6.85229 2.90831 6.76624 2.97608 6.58444 2.99749C5.38084 3.1378 3.93332 2.88393 2.70293 2.99749L2.44648 2.90831L0.338459 0.710271L0.284321 0.499208V0.499802Z\" fill=\"white\"><\/path><\/g><defs><clipPath id=\"clip0_37_1203\"><rect width=\"22\" height=\"23\" fill=\"white\" transform=\"matrix(-1 0 0 -1 22 23.5)\"><\/rect><\/clipPath><\/defs><\/svg>\t\t\t<\/a>\n\t\t<\/div>\n\t\t\t\t\t\t<\/div>\n\t\t\t\t<\/div>\n\t\t\t\t<\/div>\n\t\t\t\t\t<\/div>\n\t\t\t\t<\/div>\n\t\t<div class=\"elementor-element elementor-element-8872f43 e-flex e-con-boxed e-con e-parent\" data-id=\"8872f43\" data-element_type=\"container\" data-settings=\"{&quot;background_background&quot;:&quot;classic&quot;}\">\n\t\t\t\t\t<div class=\"e-con-inner\">\n\t\t<div class=\"elementor-element elementor-element-ac43722 e-con-full e-flex e-con e-child\" data-id=\"ac43722\" data-element_type=\"container\">\n\t\t\t\t<div class=\"elementor-element elementor-element-fbfffa8 elementor-widget elementor-widget-heading\" data-id=\"fbfffa8\" data-element_type=\"widget\" data-widget_type=\"heading.default\">\n\t\t\t\t\t<h2 class=\"elementor-heading-title elementor-size-default\">twoje studio krajobrazu w Ma\u0142opolsce<\/h2>\t\t\t\t<\/div>\n\t\t<div class=\"elementor-element elementor-element-f8a51b7 e-con-full e-flex e-con e-child\" data-id=\"f8a51b7\" data-element_type=\"container\">\n\t\t<div class=\"elementor-element elementor-element-7d0e07a e-con-full e-flex e-con e-child\" data-id=\"7d0e07a\" data-element_type=\"container\">\n\t\t\t\t<div class=\"elementor-element elementor-element-a1a7908 elementor-widget elementor-widget-image\" data-id=\"a1a7908\" data-element_type=\"widget\" data-widget_type=\"image.default\">\n\t\t\t\t\t\t\t\t\t\t\t\t\t\t\t<img decoding=\"async\" width=\"1\" height=\"1\" src=\"https:\/\/hortizon.pl\/wp-content\/uploads\/2025\/09\/mapaDuza.svg\" class=\"attachment-large size-large wp-image-438\" alt=\"\" \/>\t\t\t\t\t\t\t\t\t\t\t\t\t\t\t<\/div>\n\t\t\t\t<div class=\"elementor-element elementor-element-f623fed elementor-widget elementor-widget-heading\" data-id=\"f623fed\" data-element_type=\"widget\" data-widget_type=\"heading.default\">\n\t\t\t\t\t<h4 class=\"elementor-heading-title elementor-size-default\">adres<\/h4>\t\t\t\t<\/div>\n\t\t\t\t<div class=\"elementor-element elementor-element-460c312 elementor-widget elementor-widget-text-editor\" data-id=\"460c312\" data-element_type=\"widget\" data-widget_type=\"text-editor.default\">\n\t\t\t\t\t\t\t\t\t<p>ul. Zgody 8<br \/>32-091 Zdzi\u0119s\u0142awice<\/p>\t\t\t\t\t\t\t\t<\/div>\n\t\t\t\t<\/div>\n\t\t<div class=\"elementor-element elementor-element-a3c1fe1 e-con-full e-flex e-con e-child\" data-id=\"a3c1fe1\" data-element_type=\"container\">\n\t\t\t\t<div class=\"elementor-element elementor-element-0912127 elementor-widget elementor-widget-image\" data-id=\"0912127\" data-element_type=\"widget\" data-widget_type=\"image.default\">\n\t\t\t\t\t\t\t\t\t\t\t\t\t\t\t<img decoding=\"async\" width=\"1\" height=\"1\" src=\"https:\/\/hortizon.pl\/wp-content\/uploads\/2025\/09\/telDuzy.svg\" class=\"attachment-large size-large wp-image-439\" alt=\"\" \/>\t\t\t\t\t\t\t\t\t\t\t\t\t\t\t<\/div>\n\t\t\t\t<div class=\"elementor-element elementor-element-485917c elementor-widget elementor-widget-heading\" data-id=\"485917c\" data-element_type=\"widget\" data-widget_type=\"heading.default\">\n\t\t\t\t\t<h4 class=\"elementor-heading-title elementor-size-default\">telefon<\/h4>\t\t\t\t<\/div>\n\t\t\t\t<div class=\"elementor-element elementor-element-cf23331 elementor-widget elementor-widget-text-editor\" data-id=\"cf23331\" data-element_type=\"widget\" data-widget_type=\"text-editor.default\">\n\t\t\t\t\t\t\t\t\t<a href=\"tel:+48514284547\">+48 514 284 547<\/a><br>\n<a href=\"tel:+48733462062\">+48 733 462 062<\/a>\t\t\t\t\t\t\t\t<\/div>\n\t\t\t\t<\/div>\n\t\t<div class=\"elementor-element elementor-element-5b1e100 e-con-full e-flex e-con e-child\" data-id=\"5b1e100\" data-element_type=\"container\">\n\t\t\t\t<div class=\"elementor-element elementor-element-e7b84e5 elementor-widget elementor-widget-image\" data-id=\"e7b84e5\" data-element_type=\"widget\" data-widget_type=\"image.default\">\n\t\t\t\t\t\t\t\t\t\t\t\t\t\t\t<img decoding=\"async\" width=\"1\" height=\"1\" src=\"https:\/\/hortizon.pl\/wp-content\/uploads\/2025\/09\/mailDuzy.svg\" class=\"attachment-large size-large wp-image-440\" alt=\"\" \/>\t\t\t\t\t\t\t\t\t\t\t\t\t\t\t<\/div>\n\t\t\t\t<div class=\"elementor-element elementor-element-8fab306 elementor-widget elementor-widget-heading\" data-id=\"8fab306\" data-element_type=\"widget\" data-widget_type=\"heading.default\">\n\t\t\t\t\t<h4 class=\"elementor-heading-title elementor-size-default\">mail<\/h4>\t\t\t\t<\/div>\n\t\t\t\t<div class=\"elementor-element elementor-element-1a3a4ee elementor-widget elementor-widget-text-editor\" data-id=\"1a3a4ee\" data-element_type=\"widget\" data-widget_type=\"text-editor.default\">\n\t\t\t\t\t\t\t\t\t<a href=\"mailto:kontakt@hortizon.pl\">kontakt@hortizon.pl<\/a>\t\t\t\t\t\t\t\t<\/div>\n\t\t\t\t<\/div>\n\t\t\t\t<\/div>\n\t\t\t\t<\/div>\n\t\t\t\t\t<\/div>\n\t\t\t\t<\/div>\n\t\t<div class=\"elementor-element elementor-element-7d80cd2 e-flex e-con-boxed e-con e-parent\" data-id=\"7d80cd2\" data-element_type=\"container\" data-settings=\"{&quot;background_background&quot;:&quot;classic&quot;}\">\n\t\t\t\t\t<div class=\"e-con-inner\">\n\t\t<div class=\"elementor-element elementor-element-a41224d e-con-full e-flex e-con e-child\" data-id=\"a41224d\" data-element_type=\"container\">\n\t\t\t\t<div class=\"elementor-element elementor-element-4f93ac9 elementor-widget elementor-widget-image\" data-id=\"4f93ac9\" data-element_type=\"widget\" data-widget_type=\"image.default\">\n\t\t\t\t\t\t\t\t\t\t\t\t\t\t\t<img loading=\"lazy\" decoding=\"async\" width=\"2560\" height=\"1050\" src=\"https:\/\/hortizon.pl\/wp-content\/uploads\/2025\/09\/hortizonlogorozsz-scaled.png\" class=\"attachment-full size-full wp-image-113\" alt=\"\" srcset=\"https:\/\/hortizon.pl\/wp-content\/uploads\/2025\/09\/hortizonlogorozsz-scaled.png 2560w, https:\/\/hortizon.pl\/wp-content\/uploads\/2025\/09\/hortizonlogorozsz-300x123.png 300w, https:\/\/hortizon.pl\/wp-content\/uploads\/2025\/09\/hortizonlogorozsz-1024x420.png 1024w, https:\/\/hortizon.pl\/wp-content\/uploads\/2025\/09\/hortizonlogorozsz-768x315.png 768w, https:\/\/hortizon.pl\/wp-content\/uploads\/2025\/09\/hortizonlogorozsz-1536x630.png 1536w, https:\/\/hortizon.pl\/wp-content\/uploads\/2025\/09\/hortizonlogorozsz-2048x840.png 2048w\" sizes=\"(max-width: 2560px) 100vw, 2560px\" \/>\t\t\t\t\t\t\t\t\t\t\t\t\t\t\t<\/div>\n\t\t\t\t<\/div>\n\t\t<div class=\"elementor-element elementor-element-e6969e8 e-con-full e-flex e-con e-child\" data-id=\"e6969e8\" data-element_type=\"container\">\n\t\t\t\t<div class=\"elementor-element elementor-element-7a2735c elementor-widget elementor-widget-heading\" data-id=\"7a2735c\" data-element_type=\"widget\" data-widget_type=\"heading.default\">\n\t\t\t\t\t<h2 class=\"elementor-heading-title elementor-size-default\">skontaktuj si\u0119 z nami<\/h2>\t\t\t\t<\/div>\n\t\t\t\t<div class=\"elementor-element elementor-element-69a59be elementor-widget elementor-widget-text-editor\" data-id=\"69a59be\" data-element_type=\"widget\" data-widget_type=\"text-editor.default\">\n\t\t\t\t\t\t\t\t\t<p>Oferujemy pe\u0142ne spektrum us\u0142ug: projekty zieleni, zagospodarowania terenu (PZT), konsultacje, inwentaryzacje i nadz\u00f3r. Z nami ka\u017cdy detal jest dopracowany.\u201d<\/p>\t\t\t\t\t\t\t\t<\/div>\n\t\t\t\t<div class=\"elementor-element elementor-element-dd5f416 elementor-button-align-end elementor-widget elementor-widget-form\" data-id=\"dd5f416\" data-element_type=\"widget\" data-settings=\"{&quot;step_next_label&quot;:&quot;Next&quot;,&quot;step_previous_label&quot;:&quot;Previous&quot;,&quot;button_width&quot;:&quot;100&quot;,&quot;step_type&quot;:&quot;number_text&quot;,&quot;step_icon_shape&quot;:&quot;circle&quot;}\" data-widget_type=\"form.default\">\n\t\t\t\t\t\t\t<form class=\"elementor-form\" method=\"post\" name=\"HomeBiznesForm\" aria-label=\"HomeBiznesForm\">\n\t\t\t<input type=\"hidden\" name=\"post_id\" value=\"269\"\/>\n\t\t\t<input type=\"hidden\" name=\"form_id\" value=\"dd5f416\"\/>\n\t\t\t<input type=\"hidden\" name=\"referer_title\" value=\"Kontakt\" \/>\n\n\t\t\t\t\t\t\t<input type=\"hidden\" name=\"queried_id\" value=\"269\"\/>\n\t\t\t\n\t\t\t<div class=\"elementor-form-fields-wrapper elementor-labels-above\">\n\t\t\t\t\t\t\t\t<div class=\"elementor-field-type-email elementor-field-group elementor-column elementor-field-group-name elementor-col-100 elementor-field-required\">\n\t\t\t\t\t\t\t\t\t\t\t\t<label for=\"form-field-name\" class=\"elementor-field-label\">\n\t\t\t\t\t\t\t\temail\t\t\t\t\t\t\t<\/label>\n\t\t\t\t\t\t\t\t\t\t\t\t\t\t<input size=\"1\" type=\"email\" name=\"form_fields[name]\" id=\"form-field-name\" class=\"elementor-field elementor-size-sm  elementor-field-textual\" required=\"required\">\n\t\t\t\t\t\t\t\t\t\t\t<\/div>\n\t\t\t\t\t\t\t\t<div class=\"elementor-field-type-select elementor-field-group elementor-column elementor-field-group-email elementor-col-100 elementor-field-required\">\n\t\t\t\t\t\t\t\t\t\t\t\t<label for=\"form-field-email\" class=\"elementor-field-label\">\n\t\t\t\t\t\t\t\tus\u0142uga\t\t\t\t\t\t\t<\/label>\n\t\t\t\t\t\t\t\t<div class=\"elementor-field elementor-select-wrapper remove-before \">\n\t\t\t<div class=\"select-caret-down-wrapper\">\n\t\t\t\t<svg aria-hidden=\"true\" class=\"e-font-icon-svg e-eicon-caret-down\" viewBox=\"0 0 571.4 571.4\" xmlns=\"http:\/\/www.w3.org\/2000\/svg\"><path d=\"M571 393Q571 407 561 418L311 668Q300 679 286 679T261 668L11 418Q0 407 0 393T11 368 36 357H536Q550 357 561 368T571 393Z\"><\/path><\/svg>\t\t\t<\/div>\n\t\t\t<select name=\"form_fields[email]\" id=\"form-field-email\" class=\"elementor-field-textual elementor-size-sm\" required=\"required\">\n\t\t\t\t\t\t\t\t\t<option value=\"projekty\">projekty<\/option>\n\t\t\t\t\t\t\t\t\t<option value=\"inwentaryzacje\">inwentaryzacje<\/option>\n\t\t\t\t\t\t\t\t\t<option value=\"konsultacje\">konsultacje<\/option>\n\t\t\t\t\t\t\t\t\t<option value=\"nadz\u00f3r\">nadz\u00f3r<\/option>\n\t\t\t\t\t\t\t<\/select>\n\t\t<\/div>\n\t\t\t\t\t\t<\/div>\n\t\t\t\t\t\t\t\t<div class=\"elementor-field-type-textarea elementor-field-group elementor-column elementor-field-group-message elementor-col-100\">\n\t\t\t\t\t\t\t\t\t\t\t\t<label for=\"form-field-message\" class=\"elementor-field-label\">\n\t\t\t\t\t\t\t\twiadomo\u015b\u0107\t\t\t\t\t\t\t<\/label>\n\t\t\t\t\t\t<textarea class=\"elementor-field-textual elementor-field  elementor-size-sm\" name=\"form_fields[message]\" id=\"form-field-message\" rows=\"3\"><\/textarea>\t\t\t\t<\/div>\n\t\t\t\t\t\t\t\t<div class=\"elementor-field-type-acceptance elementor-field-group elementor-column elementor-field-group-field_c1461da elementor-col-100 elementor-field-required\">\n\t\t\t\t\t\t\t<div class=\"elementor-field-subgroup\">\n\t\t\t<span class=\"elementor-field-option\">\n\t\t\t\t<input type=\"checkbox\" name=\"form_fields[field_c1461da]\" id=\"form-field-field_c1461da\" class=\"elementor-field elementor-size-sm  elementor-acceptance-field\" required=\"required\">\n\t\t\t\t<label for=\"form-field-field_c1461da\">Wysy\u0142aj\u0105c wiadomo\u015b\u0107 akceptujesz Regulamin oraz Polityk\u0119 Prywatno\u015bci strony.<\/label>\t\t\t<\/span>\n\t\t<\/div>\n\t\t\t\t\t\t<\/div>\n\t\t\t\t\t\t\t\t<div class=\"elementor-field-type-recaptcha elementor-field-group elementor-column elementor-field-group-field_e7d112e elementor-col-100\">\n\t\t\t\t\t<div class=\"elementor-field\" id=\"form-field-field_e7d112e\"><div class=\"elementor-g-recaptcha\" data-sitekey=\"6Lf6hjAsAAAAAH0p2OqUUMoAzqJkt_mmkiukpQ_j\" data-type=\"v2_checkbox\" data-theme=\"light\" data-size=\"normal\"><\/div><\/div>\t\t\t\t<\/div>\n\t\t\t\t\t\t\t\t<div class=\"elementor-field-type-text\">\n\t\t\t\t\t<input size=\"1\" type=\"text\" name=\"form_fields[field_e3826be]\" id=\"form-field-field_e3826be\" class=\"elementor-field elementor-size-sm \" style=\"display:none !important;\">\t\t\t\t<\/div>\n\t\t\t\t\t\t\t\t<div class=\"elementor-field-group elementor-column elementor-field-type-submit elementor-col-100 e-form__buttons\">\n\t\t\t\t\t<button class=\"elementor-button elementor-size-sm\" type=\"submit\">\n\t\t\t\t\t\t<span class=\"elementor-button-content-wrapper\">\n\t\t\t\t\t\t\t\t\t\t\t\t\t\t\t<span class=\"elementor-button-icon\">\n\t\t\t\t\t\t\t\t\t<svg xmlns=\"http:\/\/www.w3.org\/2000\/svg\" width=\"22\" height=\"24\" viewBox=\"0 0 22 24\" fill=\"none\"><g clip-path=\"url(#clip0_37_1203)\"><path d=\"M-0.00019455 20.8281L11.625 8.697H7.83521L5.61891 6.43357L5.47017 6.14283H16.583V17.3685L16.3807 17.312L14.1325 14.9629V10.0038L1.10995 23.5H-0.00019455V20.8281Z\" fill=\"#012e26\"><\/path><path d=\"M15.2154 0.499689H21.9971V7.50879L21.7708 7.4743L19.4896 5.10326V2.9944H17.4665C17.0567 2.55087 16.6196 2.1335 16.2121 1.68878C15.954 1.40697 15.5072 0.959868 15.3003 0.678648C15.2564 0.618599 15.1903 0.603734 15.2154 0.499689Z\" fill=\"#012e26\"><\/path><path d=\"M19.4896 13.6571V7.36085L19.6611 7.3002L21.9971 9.7961V16.1221L21.7378 16.0656L19.4896 13.6571Z\" fill=\"#012e26\"><\/path><path d=\"M6.78128 0.499765H13.0786L15.2646 2.7965L15.2173 2.96654L9.19989 2.99805L8.94344 2.90887L6.83542 0.710829L6.78128 0.499765Z\" fill=\"#012e26\"><\/path><path d=\"M19.4896 20.5463V15.9731L19.6612 15.9124L21.943 18.2864L22 22.7467C21.935 23.3383 21.2751 22.3406 21.1446 22.2075C20.5986 21.6498 20.0253 21.1171 19.4896 20.5463Z\" fill=\"#012e26\"><\/path><path d=\"M0.284321 0.499802H4.58698L6.72692 2.72459C6.85229 2.90831 6.76624 2.97608 6.58444 2.99749C5.38084 3.1378 3.93332 2.88393 2.70293 2.99749L2.44648 2.90831L0.338459 0.710271L0.284321 0.499208V0.499802Z\" fill=\"#012e26\"><\/path><\/g><defs fill=\"#000000\"><clipPath id=\"clip0_37_1203\" fill=\"#000000\"><rect width=\"22\" height=\"23\" fill=\"#012e26\" transform=\"matrix(-1 0 0 -1 22 23.5)\"><\/rect><\/clipPath><\/defs><\/svg>\t\t\t\t\t\t\t\t\t\t\t\t\t\t\t\t\t<\/span>\n\t\t\t\t\t\t\t\t\t\t\t\t\t\t\t\t\t\t\t\t\t\t<span class=\"elementor-button-text\">wy\u015blij<\/span>\n\t\t\t\t\t\t\t\t\t\t\t\t\t<\/span>\n\t\t\t\t\t<\/button>\n\t\t\t\t<\/div>\n\t\t\t<\/div>\n\t\t<\/form>\n\t\t\t\t\t\t<\/div>\n\t\t\t\t<\/div>\n\t\t\t\t\t<\/div>\n\t\t\t\t<\/div>\n\t\t\t\t<\/div>\n\t\t","protected":false},"excerpt":{"rendered":"<p>skontaktuj si\u0119 z nami Oferujemy pe\u0142ne spektrum us\u0142ug: projekty zieleni, zagospodarowania terenu (PZT), konsultacje, inwentaryzacje i nadz\u00f3r. Z nami ka\u017cdy detal jest dopracowany. zobacz nasze realizacje twoje studio krajobrazu w Ma\u0142opolsce adres ul. Zgody 832-091 Zdzi\u0119s\u0142awice telefon +48 514 284 547 +48 733 462 062 mail kontakt@hortizon.pl skontaktuj si\u0119 z nami Oferujemy pe\u0142ne spektrum us\u0142ug: [&hellip;]<\/p>\n","protected":false},"author":1,"featured_media":0,"parent":0,"menu_order":0,"comment_status":"closed","ping_status":"closed","template":"","meta":{"_acf_changed":false,"footnotes":""},"class_list":["post-269","page","type-page","status-publish","hentry"],"acf":[],"_links":{"self":[{"href":"https:\/\/hortizon.pl\/index.php?rest_route=\/wp\/v2\/pages\/269","targetHints":{"allow":["GET"]}}],"collection":[{"href":"https:\/\/hortizon.pl\/index.php?rest_route=\/wp\/v2\/pages"}],"about":[{"href":"https:\/\/hortizon.pl\/index.php?rest_route=\/wp\/v2\/types\/page"}],"author":[{"embeddable":true,"href":"https:\/\/hortizon.pl\/index.php?rest_route=\/wp\/v2\/users\/1"}],"replies":[{"embeddable":true,"href":"https:\/\/hortizon.pl\/index.php?rest_route=%2Fwp%2Fv2%2Fcomments&post=269"}],"version-history":[{"count":106,"href":"https:\/\/hortizon.pl\/index.php?rest_route=\/wp\/v2\/pages\/269\/revisions"}],"predecessor-version":[{"id":2382,"href":"https:\/\/hortizon.pl\/index.php?rest_route=\/wp\/v2\/pages\/269\/revisions\/2382"}],"wp:attachment":[{"href":"https:\/\/hortizon.pl\/index.php?rest_route=%2Fwp%2Fv2%2Fmedia&parent=269"}],"curies":[{"name":"wp","href":"https:\/\/api.w.org\/{rel}","templated":true}]}}